{"id":22,"date":"2015-05-07T13:04:11","date_gmt":"2015-05-07T11:04:11","guid":{"rendered":"http:\/\/www.hamburger-bogenschuetzen-gilde.de\/halloween\/?page_id=22"},"modified":"2023-10-22T13:58:13","modified_gmt":"2023-10-22T11:58:13","slug":"hinweise-und-informationen","status":"publish","type":"page","link":"https:\/\/www.hamburger-bogenschuetzen-gilde.de\/halloween\/hinweise-und-informationen\/","title":{"rendered":"Hinweise und Informationen"},"content":{"rendered":"<p>Wir haben hier auf dieser Seite einige Hinweise und Informationen zu dem Halloween-D\u00e4mmerungsschiessen untergebracht. So werden hier typische Fragen beantwortet und Ihr findet auch ein paar wichtige Hinweise f\u00fcr die Durchf\u00fchrung des Turnieres.<\/p>\n<p>Solltet Ihr weitere Fragen haben so schreibt sie einfach ins Bemerkungsfeld zu eurer Anmeldung, oder <a href=\"mailto:halloween@hbg-1930.de\">mailt sie an uns<\/a>.<\/p>\n<div class=\"su-accordion su-u-trim\">\n<div class=\"su-spoiler su-spoiler-style-default su-spoiler-icon-plus su-spoiler-closed\" data-scroll-offset=\"0\" data-anchor-in-url=\"no\"><div class=\"su-spoiler-title\" tabindex=\"0\" role=\"button\"><span class=\"su-spoiler-icon\"><\/span>Bogenklassen<\/div><div class=\"su-spoiler-content su-u-clearfix su-u-trim\">\n<h3>Bogenklassen<\/h3>\n<p>Dies ist ein Fun-Turnier. Es geht hier um den Spa\u00dffaktor am Schie\u00dfen.<br \/>\nWir haben nur vier Klassen, bei gen\u00fcgender Teilnahme: Herren, Damen, Jugend m\u00e4nnlich, Jugend weiblich.<\/p>\n<p>Das bedeutet das Compound-Sch\u00fctzen zusammen mit Recurve- und Langbogensch\u00fctzen in einer Klasse schie\u00dfen.<\/p>\n<\/div><\/div>\n<div class=\"su-spoiler su-spoiler-style-default su-spoiler-icon-plus su-spoiler-closed\" data-scroll-offset=\"0\" data-anchor-in-url=\"no\"><div class=\"su-spoiler-title\" tabindex=\"0\" role=\"button\"><span class=\"su-spoiler-icon\"><\/span>Compound<\/div><div class=\"su-spoiler-content su-u-clearfix su-u-trim\">\n<h3>Compound<\/h3>\n<p>Da einige Ziele relativ leicht gebaut sind ist ein Durchschuss m\u00f6glich. Daher empfiehlt es sich, wenn mit Compound geschossen werden soll, nur leichte Compounds zu nutzen.<\/p>\n<\/div><\/div>\n<div class=\"su-spoiler su-spoiler-style-default su-spoiler-icon-plus su-spoiler-closed\" data-scroll-offset=\"0\" data-anchor-in-url=\"no\"><div class=\"su-spoiler-title\" tabindex=\"0\" role=\"button\"><span class=\"su-spoiler-icon\"><\/span>G\u00e4ste<\/div><div class=\"su-spoiler-content su-u-clearfix su-u-trim\">\n<h3>G\u00e4ste<\/h3>\n<p>Als \u201cGast\u201d bezeichnen wir Personen die das Turnier besuchen und nicht schie\u00dfen. Damit f\u00fcr diese Personen aber auch die n\u00f6tige Verpflegung vorhanden ist kostet ein Gast den in der Ausschreibung genannten Preis.<br \/>\nBitte tragt bei der Anmeldung auch die Anzahl der G\u00e4ste ein die der jeweilige Sch\u00fctze mitbringt. Dies erm\u00f6glicht uns die Verpflegungsplanung!<\/p>\n<\/div><\/div>\n<div class=\"su-spoiler su-spoiler-style-default su-spoiler-icon-plus su-spoiler-closed\" data-scroll-offset=\"0\" data-anchor-in-url=\"no\"><div class=\"su-spoiler-title\" tabindex=\"0\" role=\"button\"><span class=\"su-spoiler-icon\"><\/span>Gruppen<\/div><div class=\"su-spoiler-content su-u-clearfix su-u-trim\">\n<h3>Gruppen<\/h3>\n<p>Die Einteilung der Gruppen erfolgt vorab von uns um eine gute Durchmischung der Teilnehmer zu erreichen.<br \/>\nSollte es gute Gr\u00fcnde f\u00fcr eine gew\u00fcnschte Paarung geben, z.B. Betreuung etc., so teilt dies bitte bei der Anmeldung mit.<\/p>\n<p>Durch die Aufteilung der Teilnehmer m\u00f6chten wir zum einen die Kommunikation untereinander und das Kennenlernen von neuen Personen f\u00f6rdern und zum anderen die Chancen f\u00fcr gleich starke Gruppen f\u00fcr die Gruppenziele erh\u00f6hen.<\/p>\n<\/div><\/div>\n<div class=\"su-spoiler su-spoiler-style-default su-spoiler-icon-plus su-spoiler-closed\" data-scroll-offset=\"0\" data-anchor-in-url=\"no\"><div class=\"su-spoiler-title\" tabindex=\"0\" role=\"button\"><span class=\"su-spoiler-icon\"><\/span>Essen &amp; Trinken<\/div><div class=\"su-spoiler-content su-u-clearfix su-u-trim\">\n<h3>Essen &amp; Trinken<\/h3>\n<p>In der Startgeb\u00fchr und der Geb\u00fchr f\u00fcr G\u00e4ste ist das Essen nach dem Turnier inbegriffen. W\u00e4hrend des Turniers steht in unserem Verpflegungszelt Knabberkram und S\u00fcsses\/Saures f\u00fcr die Sch\u00fctzen und G\u00e4ste bereit.<\/p>\n<p>Im Verpflegungszelt findet ihr au\u00dferdem unseren hei\u00dfen Spider-Cider (alkoholfrei) gegen den Durst und zum Aufw\u00e4rmen von Innen.<\/p>\n<p>Teilnehmende Vegetarier bitten wir um einen Hinweis bei der Anmeldung.<\/p>\n<\/div><\/div>\n<div class=\"su-spoiler su-spoiler-style-default su-spoiler-icon-plus su-spoiler-closed\" data-scroll-offset=\"0\" data-anchor-in-url=\"no\"><div class=\"su-spoiler-title\" tabindex=\"0\" role=\"button\"><span class=\"su-spoiler-icon\"><\/span>Licht<\/div><div class=\"su-spoiler-content su-u-clearfix su-u-trim\">\n<h3>Licht<\/h3>\n<p>Das Turnier findet nach Einbruch der Dunkelheit statt. Daher sind hier besondere Ma\u00dfnahmen und Hinweise n\u00f6tig.<br \/>\nF\u00fcr die n\u00f6tigen Pfeile werden kleine Knicklichter von uns gestellt. Diese werden am Pfeil mit Klebeband befestigt. Wer Leuchtnocken hat darf diese nat\u00fcrlich auch schie\u00dfen.F\u00fcr die Schie\u00dfzettel stehen kleine Lichter zur Verf\u00fcgung, so das diese gut gelesen und ausgef\u00fcllt werden k\u00f6nnen.<br \/>\nZum kurzen Suchen von Pfeilen darf maximal eine schwache Rotlicht- oder UV-Lampe (ideal f\u00fcr einige Kunstoff-Nocken und -Federn) genutzt werden.<\/p>\n<p>Normale Taschenlampen sind nicht gestattet!\u00a0 Ebenso wenig die Benutzung des Handylichts! Sollten Fotos gemacht werden bitte das Blitzlicht abschalten!<br \/>\nPfeile k\u00f6nnen am n\u00e4chsten Morgen auch bei Tageslicht ausgiebig gesucht werden.<\/p>\n<\/div><\/div>\n<div class=\"su-spoiler su-spoiler-style-default su-spoiler-icon-plus su-spoiler-closed\" data-scroll-offset=\"0\" data-anchor-in-url=\"no\"><div class=\"su-spoiler-title\" tabindex=\"0\" role=\"button\"><span class=\"su-spoiler-icon\"><\/span>Parken<\/div><div class=\"su-spoiler-content su-u-clearfix su-u-trim\">\n<h3>Parken<\/h3>\n<p>Zum Parken steht unser vereinseigene Parkplatz zur Verf\u00fcgung. Wir bitten um eine platzsparende Parkweise, was eigentlich selbstverst\u00e4ndlich sein sollte.<br \/>\nBitte so parken das die Scheinwerfer vom Platz wegzeigen.<br \/>\nBitte nach 18:00 Uhr nur noch maximal mit Standlicht auf den Platz fahren. Eine Coming-Home-Funktion bitte deaktivieren.<br \/>\nDies soll die optische Nachtanpassung aller Teilnehmer gew\u00e4hrleisten!<\/p>\n<\/div><\/div>\n<div class=\"su-spoiler su-spoiler-style-default su-spoiler-icon-plus su-spoiler-closed\" data-scroll-offset=\"0\" data-anchor-in-url=\"no\"><div class=\"su-spoiler-title\" tabindex=\"0\" role=\"button\"><span class=\"su-spoiler-icon\"><\/span>Pfeile<\/div><div class=\"su-spoiler-content su-u-clearfix su-u-trim\">\n<h3>Pfeile<\/h3>\n<p>Es werden mindestens 2 Pfeile ben\u00f6tigt.<br \/>\nF\u00fcr die Pfeile werden von uns Knicklichter gestellt. Diese k\u00f6nnen mit Klebeband am Ende des Pfeils befestigt werden. (Anleitungen liegen aus).<br \/>\nWer Leuchtnocken hat darf diese nat\u00fcrlich auch gerne nutzen.<\/p>\n<p>Es empfiehlt sich zu den n\u00f6tigen Pfeilen noch Ersatz dabei zu haben, falls ein Pfeil verloren gehen sollte.<br \/>\nEs kann nur kurz ein verlorener Pfeil gesucht werden, damit der gesamte Schie\u00dfbetrieb nicht unn\u00f6tig lange aufgehalten wird.<br \/>\nDie Suche bei Tageslicht ist am folgenden Tag m\u00f6glich.<\/p>\n<p>Die Nutzung einer einer Taschenlampe, Handylicht, etc. ist nicht erlaubt, es sei denn es handelt sich um eine schwache UV- oder Rotlicht-Taschenlampe.<\/p>\n<\/div><\/div>\n<div class=\"su-spoiler su-spoiler-style-default su-spoiler-icon-plus su-spoiler-closed\" data-scroll-offset=\"0\" data-anchor-in-url=\"no\"><div class=\"su-spoiler-title\" tabindex=\"0\" role=\"button\"><span class=\"su-spoiler-icon\"><\/span>Pl\u00e4tze<\/div><div class=\"su-spoiler-content su-u-clearfix su-u-trim\">\n<h3>Pl\u00e4tze<\/h3>\n<p>Die Anzahl der Pl\u00e4tze ist begrenzt. Ein Platz ist erst dann sicher, wenn das Startgeld bezahlt wurde. Sollte zum Anmeldeschluss das Startgeld nicht eingegangen sein gilt die Anmeldung als nicht erfolgt.<br \/>\nWir f\u00fchren eine Warteliste. Nach dem Anmeldeschluss frei gewordene Pl\u00e4tze werden entsprechend der Warteliste vergeben.<\/p>\n<p>Sollte es bei einer Anmeldung fr\u00fchzeitig ersichtlich sein das die Teilnahme doch nicht m\u00f6glich ist w\u00fcrden wir uns \u00fcber eine fr\u00fche R\u00fcckmeldung freuen.<\/p>\n<\/div><\/div>\n<div class=\"su-spoiler su-spoiler-style-default su-spoiler-icon-plus su-spoiler-closed\" data-scroll-offset=\"0\" data-anchor-in-url=\"no\"><div class=\"su-spoiler-title\" tabindex=\"0\" role=\"button\"><span class=\"su-spoiler-icon\"><\/span>Startgeld<\/div><div class=\"su-spoiler-content su-u-clearfix su-u-trim\">\n<h3>Startgeld<\/h3>\n<p>Das Startgeld wird direkt mit der Buchung \u00fcber PayPal erhoben. Sollte keine PayPal-Zahlung vorgenommen werden, oder abgebrochen worden sein, geht bei uns keine Buchung ein und der Platz ist NICHT reserviert.<\/p>\n<\/div><\/div>\n<\/div>\n<p>&nbsp;<\/p>\n","protected":false},"excerpt":{"rendered":"<p>Wir haben hier auf dieser Seite einige Hinweise und Informationen zu dem Halloween-D\u00e4mmerungsschiessen untergebracht. So werden hier typische Fragen beantwortet und Ihr findet auch ein paar wichtige Hinweise f\u00fcr die Durchf\u00fchrung des Turnieres. Solltet Ihr weitere Fragen haben so schreibt sie einfach ins Bemerkungsfeld zu eurer Anmeldung, oder mailt sie an uns. &nbsp;<\/p>\n","protected":false},"author":3,"featured_media":0,"parent":0,"menu_order":0,"comment_status":"open","ping_status":"open","template":"","meta":{"footnotes":""},"_links":{"self":[{"href":"https:\/\/www.hamburger-bogenschuetzen-gilde.de\/halloween\/wp-json\/wp\/v2\/pages\/22"}],"collection":[{"href":"https:\/\/www.hamburger-bogenschuetzen-gilde.de\/halloween\/wp-json\/wp\/v2\/pages"}],"about":[{"href":"https:\/\/www.hamburger-bogenschuetzen-gilde.de\/halloween\/wp-json\/wp\/v2\/types\/page"}],"author":[{"embeddable":true,"href":"https:\/\/www.hamburger-bogenschuetzen-gilde.de\/halloween\/wp-json\/wp\/v2\/users\/3"}],"replies":[{"embeddable":true,"href":"https:\/\/www.hamburger-bogenschuetzen-gilde.de\/halloween\/wp-json\/wp\/v2\/comments?post=22"}],"version-history":[{"count":18,"href":"https:\/\/www.hamburger-bogenschuetzen-gilde.de\/halloween\/wp-json\/wp\/v2\/pages\/22\/revisions"}],"predecessor-version":[{"id":99,"href":"https:\/\/www.hamburger-bogenschuetzen-gilde.de\/halloween\/wp-json\/wp\/v2\/pages\/22\/revisions\/99"}],"wp:attachment":[{"href":"https:\/\/www.hamburger-bogenschuetzen-gilde.de\/halloween\/wp-json\/wp\/v2\/media?parent=22"}],"curies":[{"name":"wp","href":"https:\/\/api.w.org\/{rel}","templated":true}]}}